{"id":7002,"date":"2023-08-01T15:11:38","date_gmt":"2023-08-01T15:11:38","guid":{"rendered":"http:\/\/fanlab.sportheads.de\/?page_id=491"},"modified":"2025-10-31T10:37:46","modified_gmt":"2025-10-31T09:37:46","slug":"fanlab-golf-gewinnspiel","status":"publish","type":"page","link":"https:\/\/sportheads.de\/en\/fanlab\/fanlab-golf-gewinnspiel\/","title":{"rendered":"FanLab Golf Gewinnspiel"},"content":{"rendered":"<div data-elementor-type=\"wp-page\" data-elementor-id=\"7002\" class=\"elementor elementor-7002\" data-elementor-post-type=\"page\">\n\t\t\t\t\t\t<section class=\"elementor-section elementor-top-section elementor-element elementor-element-5e87d35 elementor-section-boxed elementor-section-height-default elementor-section-height-default\" data-id=\"5e87d35\" data-element_type=\"section\" data-e-type=\"section\">\n\t\t\t\t\t\t<div class=\"elementor-container elementor-column-gap-default\">\n\t\t\t\t\t<div class=\"elementor-column elementor-col-100 elementor-top-column elementor-element elementor-element-afc3117\" data-id=\"afc3117\" data-element_type=\"column\" data-e-type=\"column\">\n\t\t\t<div class=\"elementor-widget-wrap elementor-element-populated\">\n\t\t\t\t\t\t<section class=\"elementor-section elementor-inner-section elementor-element elementor-element-e175ff8 elementor-section-boxed elementor-section-height-default elementor-section-height-default\" data-id=\"e175ff8\" data-element_type=\"section\" data-e-type=\"section\">\n\t\t\t\t\t\t<div class=\"elementor-container elementor-column-gap-default\">\n\t\t\t\t\t<div class=\"elementor-column elementor-col-50 elementor-inner-column elementor-element elementor-element-7192d65\" data-id=\"7192d65\" data-element_type=\"column\" data-e-type=\"column\">\n\t\t\t<div class=\"elementor-widget-wrap elementor-element-populated\">\n\t\t\t\t\t\t<div class=\"elementor-element elementor-element-b25aa62 elementor-widget elementor-widget-image\" data-id=\"b25aa62\" data-element_type=\"widget\" data-e-type=\"widget\" data-widget_type=\"image.default\">\n\t\t\t\t<div class=\"elementor-widget-container\">\n\t\t\t\t\t\t\t\t\t\t\t\t\t\t\t<img decoding=\"async\" src=\"http:\/\/fanlab.sportheads.de\/wp-content\/uploads\/2020\/02\/FanLab_png-2.png\" title=\"\" alt=\"\" loading=\"lazy\" \/>\t\t\t\t\t\t\t\t\t\t\t\t\t\t\t<\/div>\n\t\t\t\t<\/div>\n\t\t\t\t\t<\/div>\n\t\t<\/div>\n\t\t\t\t<div class=\"elementor-column elementor-col-50 elementor-inner-column elementor-element elementor-element-4a56ff7\" data-id=\"4a56ff7\" data-element_type=\"column\" data-e-type=\"column\">\n\t\t\t<div class=\"elementor-widget-wrap elementor-element-populated\">\n\t\t\t\t\t\t<div class=\"elementor-element elementor-element-648cc02 elementor-widget elementor-widget-image\" data-id=\"648cc02\" data-element_type=\"widget\" data-e-type=\"widget\" data-widget_type=\"image.default\">\n\t\t\t\t<div class=\"elementor-widget-container\">\n\t\t\t\t\t\t\t\t\t\t\t\t\t\t\t<img decoding=\"async\" src=\"http:\/\/fanlab.sportheads.de\/wp-content\/uploads\/2020\/03\/In-KooperationDGV.png\" title=\"\" alt=\"\" loading=\"lazy\" \/>\t\t\t\t\t\t\t\t\t\t\t\t\t\t\t<\/div>\n\t\t\t\t<\/div>\n\t\t\t\t\t<\/div>\n\t\t<\/div>\n\t\t\t\t\t<\/div>\n\t\t<\/section>\n\t\t\t\t\t<\/div>\n\t\t<\/div>\n\t\t\t\t\t<\/div>\n\t\t<\/section>\n\t\t\t\t<section class=\"elementor-section elementor-top-section elementor-element elementor-element-ff1c284 elementor-section-boxed elementor-section-height-default elementor-section-height-default\" data-id=\"ff1c284\" data-element_type=\"section\" data-e-type=\"section\">\n\t\t\t\t\t\t<div class=\"elementor-container elementor-column-gap-default\">\n\t\t\t\t\t<div class=\"elementor-column elementor-col-50 elementor-top-column elementor-element elementor-element-416a828\" data-id=\"416a828\" data-element_type=\"column\" data-e-type=\"column\">\n\t\t\t<div class=\"elementor-widget-wrap elementor-element-populated\">\n\t\t\t\t\t\t<div class=\"elementor-element elementor-element-22a4182 elementor-widget elementor-widget-heading\" data-id=\"22a4182\" data-element_type=\"widget\" data-e-type=\"widget\" data-widget_type=\"heading.default\">\n\t\t\t\t<div class=\"elementor-widget-container\">\n\t\t\t\t\t<h2 class=\"elementor-heading-title elementor-size-default\">Teilnahmebedingungen f\u00fcr das GolferLab Gewinnspiel<\/h2>\t\t\t\t<\/div>\n\t\t\t\t<\/div>\n\t\t\t\t\t<\/div>\n\t\t<\/div>\n\t\t\t\t<div class=\"elementor-column elementor-col-50 elementor-top-column elementor-element elementor-element-516d5a4\" data-id=\"516d5a4\" data-element_type=\"column\" data-e-type=\"column\">\n\t\t\t<div class=\"elementor-widget-wrap\">\n\t\t\t\t\t\t\t<\/div>\n\t\t<\/div>\n\t\t\t\t\t<\/div>\n\t\t<\/section>\n\t\t\t\t<section class=\"elementor-section elementor-top-section elementor-element elementor-element-2c2b095 elementor-section-boxed elementor-section-height-default elementor-section-height-default\" data-id=\"2c2b095\" data-element_type=\"section\" data-e-type=\"section\">\n\t\t\t\t\t\t<div class=\"elementor-container elementor-column-gap-default\">\n\t\t\t\t\t<div class=\"elementor-column elementor-col-100 elementor-top-column elementor-element elementor-element-3aa7153\" data-id=\"3aa7153\" data-element_type=\"column\" data-e-type=\"column\">\n\t\t\t<div class=\"elementor-widget-wrap elementor-element-populated\">\n\t\t\t\t\t\t<div class=\"elementor-element elementor-element-b5d93d5 elementor-widget elementor-widget-text-editor\" data-id=\"b5d93d5\" data-element_type=\"widget\" data-e-type=\"widget\" data-widget_type=\"text-editor.default\">\n\t\t\t\t<div class=\"elementor-widget-container\">\n\t\t\t\t\t\t\t\t\t<h1>1. Veranstalter, Gewinn und Teilnahmebedingungen<\/h1>\n<p>Die Teilnahme an dem Gewinnspiel und dessen Durchf\u00fchrung richtet sich nachfolgenden Bestimmungen.<\/p>\n<p>Die Teilnahme an dem Gewinnspiel ist kostenlos. Mit der Teilnahme an diesem Gewinnspiel akzeptieren Sie (nachfolgend \u201eTeilnehmer\u201c) diese Teilnahmebedingungen.<\/p>\n<p>Die SPORTHEADS GmbH, Karlstra\u00dfe 19, 80333 M\u00fcnchen (nachfolgend \u201eSH\u201c), ist Veranstalter des Gewinnspiels.<\/p>\n<p>Verlost wird:&nbsp;<\/p>\n<ul>\n<li style=\"text-align: left;\">1x ein Jahresvorrat Golfb\u00e4lle (72 Golfb\u00e4lle)<\/li>\n<\/ul>\n<h1>2. Anmeldung, Teilnahmevoraussetzungen<\/h1>\n<p>Teilnahmeberechtigt sind Personen, die zum Zeitpunkt ihrer Teilnahme mindestens 18 Jahre alt sind.<\/p>\n<p>Zur Teilnahme am Gewinnspiel ist die Registrierung im GolferLab, das vollst\u00e4ndige Ausf\u00fcllen der aktuellen Umfrage sowie die Angabe der eigenen E-Mail-Adresse notwendig. Durch Ihre Teilnahme am Gewinnspiel k\u00f6nnen Sie den Teilnahmebedingungen sowie den Datenschutzbestimmungen zustimmen, indem Sie die entsprechende Frage innerhalb der Umfrage beantworten.<\/p>\n<p>Die Teilnahme kann nur einmal erfolgen. Teilnahmeschluss ist der 21.11.2025.<\/p>\n<p>Die Personenangaben m\u00fcssen der Wahrheit entsprechen. SH ist berechtigt, Teilnehmer zu disqualifizieren und von der Verlosung auszuschlie\u00dfen, die den Teilnahmevorgang, das System und\/oder die Verlosung manipulieren bzw. dieses versuchen und\/oder gegen die Teilnahmebedingungen oder die guten Sitten versto\u00dfen und\/oder sonst in unfairer bzw. unlauterer Weise versuchen, die Verlosung zu beeinflussen.<\/p>\n<h1>3. Gewinnermittlung, Zustellung des Gewinns<\/h1>\n<p>Im Rahmen des Gewinnspiels werden die oben genannten Preise verlost. Die Endziehung der Preise erfolgt nach Beendigung des Gewinnspiels. Es gewinnen diejenigen, die unter den ersten insgesamt 1.000 Teilnehmern sind und ausgelost werden.<\/p>\n<p>Die Gewinner werden per E-Mail der SPORTHEADS GmbH benachrichtigt. Die Gewinnbenachrichtigung wird an die E-Mail-Adresse versendet, die der Teilnehmer bei der Registrierung im GolferLab angegeben hat. Mit der Mitteilung der E-Mail-Adresse stimmt der Teilnehmer zu, dass die E-Mail-Adresse einmalig f\u00fcr den Zweck der Gewinn\u00fcbermittlung an den Deutschen Golf Verband bzw. die Deutsche Golf Sport GmbH weitergegeben werden kann.<\/p>\n<p>Im Falle einer unzustellbaren Gewinnbenachrichtigung wird ein neuer Gewinner ermittelt. Dies gilt auch, wenn der Gewinn innerhalb von vier Wochen nach der Gewinnbenachrichtigung nicht angenommen wird oder zugestellt werden kann, wenn der Gewinner hierf\u00fcr verantwortlich war.<\/p>\n<p>Der Gewinn kann nicht in bar abgel\u00f6st oder ausgezahlt werden. Der Gewinnanspruch kann nicht abgetreten oder auf Dritte \u00fcbertragen werden.<\/p>\n<p>Sollten ein oder mehrere Teilnehmer f\u00e4lschlicherweise als Gewinner benachrichtigt worden sein (z. B. wegen eines Fehlers bei der Auslosung und \/ oder dem Versand der Gewinnbenachrichtigung), wird SH den bzw. die Teilnehmer unverz\u00fcglich \u00fcber diesen Fehler in Kenntnis setzen und die Gewinnbenachrichtigung korrigieren.<\/p>\n<p>Eine kommerzielle Verwertung des Gewinns, wie etwa ein Weiterverkauf, ist untersagt.<\/p>\n<h1>4. Abbruch des Gewinnspiels<\/h1>\n<p>SH beh\u00e4lt sich das Recht vor, das Gewinnspiel ganz oder teilweise zu jedem Zeitpunkt ohne Vorank\u00fcndigung und Angaben von Gr\u00fcnden abzubrechen. Dies gilt insbesondere f\u00fcr jegliche Gr\u00fcnde, die einen planm\u00e4\u00dfigen und ordnungsgem\u00e4\u00dfen Ablauf des Gewinnspiels beeinflussen oder verhindern w\u00fcrden.<\/p>\n<p>Ebenso beh\u00e4lt sich SH das Recht vor, einzelne Teilnehmer unter bestimmten Bedingungen von dem Gewinnspiel auszuschlie\u00dfen. Dies gilt insbesondere bei einer Manipulation des Gewinnspiels, automatisierter Teilnahme und einer Teilnahme \u00fcber Gewinnspielvereine.<\/p>\n<h1>5. Verantwortlichkeit, Haftung<\/h1>\n<p>SH haftet im Rahmen der Gewinnspielteilnahme nur f\u00fcr Sch\u00e4den, welche von der SH oder einer ihrer Erf\u00fcllungsgehilfen vors\u00e4tzlich oder grob fahrl\u00e4ssig verursacht worden sind. Dies gilt nicht f\u00fcr Sch\u00e4den durch die Verletzung von Leben, K\u00f6rper und Gesundheit.<\/p>\n<h1>6. Schlussbestimmungen<\/h1>\n<p>Hinsichtlich der Durchf\u00fchrung des Gewinnspiels ist der Rechtsweg ausgeschlossen. Das Gewinnspiel unterliegt ausschlie\u00dflich dem Recht der Bundesrepublik Deutschland. Hinweise zur Verwendung Ihrer pers\u00f6nlichen Daten:<\/p>\n<p>Es steht jedem Teilnehmer frei, seine Teilnahme am Gewinnspiel sowie seine Einwilligung zur Speicherung und Verwendung seiner Daten im FanLab zu widerrufen. Der Widerruf ist zu richten an die SPORTHEADS GmbH unter datenschutz@fanlab.net.<\/p>\n<p>Mit Ihrer Teilnahme erkl\u00e4ren Sie sich au\u00dferdem damit einverstanden, dass SH Ihren Namen und Wohnort im Fall eines Gewinns ver\u00f6ffentlichen darf. Die Ver\u00f6ffentlichung erfolgt ausschlie\u00dflich in folgender Form: Max M. aus Berlin.<\/p>\n<p>Abweichungen oder Erg\u00e4nzungen von diesen Teilnahmebedingungen bed\u00fcrfen zu ihrer Wirksamkeit der Schriftform.<\/p>\t\t\t\t\t\t\t\t<\/div>\n\t\t\t\t<\/div>\n\t\t\t\t\t<\/div>\n\t\t<\/div>\n\t\t\t\t\t<\/div>\n\t\t<\/section>\n\t\t\t\t<\/div>","protected":false},"excerpt":{"rendered":"<p>Teilnahmebedingungen f\u00fcr das GolferLab Gewinnspiel 1. Veranstalter, Gewinn und Teilnahmebedingungen Die Teilnahme an dem Gewinnspiel und dessen Durchf\u00fchrung richtet sich nachfolgenden Bestimmungen. Die Teilnahme an dem Gewinnspiel ist kostenlos. Mit der Teilnahme an diesem Gewinnspiel akzeptieren Sie (nachfolgend \u201eTeilnehmer\u201c) diese Teilnahmebedingungen. Die SPORTHEADS GmbH, Karlstra\u00dfe 19, 80333 M\u00fcnchen (nachfolgend \u201eSH\u201c), ist Veranstalter des Gewinnspiels. Verlost [&hellip;]<\/p>","protected":false},"author":1,"featured_media":0,"parent":5098,"menu_order":0,"comment_status":"closed","ping_status":"closed","template":"","meta":{"_exactmetrics_skip_tracking":false,"_exactmetrics_sitenote_active":false,"_exactmetrics_sitenote_note":"","_exactmetrics_sitenote_category":0,"ocean_post_layout":"","ocean_both_sidebars_style":"","ocean_both_sidebars_content_width":0,"ocean_both_sidebars_sidebars_width":0,"ocean_sidebar":"0","ocean_second_sidebar":"0","ocean_disable_margins":"enable","ocean_add_body_class":"","ocean_shortcode_before_top_bar":"","ocean_shortcode_after_top_bar":"","ocean_shortcode_before_header":"","ocean_shortcode_after_header":"","ocean_has_shortcode":"","ocean_shortcode_after_title":"","ocean_shortcode_before_footer_widgets":"","ocean_shortcode_after_footer_widgets":"","ocean_shortcode_before_footer_bottom":"","ocean_shortcode_after_footer_bottom":"","ocean_display_top_bar":"off","ocean_display_header":"off","ocean_header_style":"","ocean_center_header_left_menu":"0","ocean_custom_header_template":"0","ocean_custom_logo":0,"ocean_custom_retina_logo":0,"ocean_custom_logo_max_width":0,"ocean_custom_logo_tablet_max_width":0,"ocean_custom_logo_mobile_max_width":0,"ocean_custom_logo_max_height":0,"ocean_custom_logo_tablet_max_height":0,"ocean_custom_logo_mobile_max_height":0,"ocean_header_custom_menu":"0","ocean_menu_typo_font_family":"0","ocean_menu_typo_font_subset":"","ocean_menu_typo_font_size":0,"ocean_menu_typo_font_size_tablet":0,"ocean_menu_typo_font_size_mobile":0,"ocean_menu_typo_font_size_unit":"px","ocean_menu_typo_font_weight":"","ocean_menu_typo_font_weight_tablet":"","ocean_menu_typo_font_weight_mobile":"","ocean_menu_typo_transform":"","ocean_menu_typo_transform_tablet":"","ocean_menu_typo_transform_mobile":"","ocean_menu_typo_line_height":0,"ocean_menu_typo_line_height_tablet":0,"ocean_menu_typo_line_height_mobile":0,"ocean_menu_typo_line_height_unit":"","ocean_menu_typo_spacing":0,"ocean_menu_typo_spacing_tablet":0,"ocean_menu_typo_spacing_mobile":0,"ocean_menu_typo_spacing_unit":"","ocean_menu_link_color":"","ocean_menu_link_color_hover":"","ocean_menu_link_color_active":"","ocean_menu_link_background":"","ocean_menu_link_hover_background":"","ocean_menu_link_active_background":"","ocean_menu_social_links_bg":"","ocean_menu_social_hover_links_bg":"","ocean_menu_social_links_color":"","ocean_menu_social_hover_links_color":"","ocean_disable_title":"default","ocean_disable_heading":"default","ocean_post_title":"","ocean_post_subheading":"","ocean_post_title_style":"","ocean_post_title_background_color":"","ocean_post_title_background":0,"ocean_post_title_bg_image_position":"","ocean_post_title_bg_image_attachment":"","ocean_post_title_bg_image_repeat":"","ocean_post_title_bg_image_size":"","ocean_post_title_height":0,"ocean_post_title_bg_overlay":0.5,"ocean_post_title_bg_overlay_color":"","ocean_disable_breadcrumbs":"default","ocean_breadcrumbs_color":"","ocean_breadcrumbs_separator_color":"","ocean_breadcrumbs_links_color":"","ocean_breadcrumbs_links_hover_color":"","ocean_display_footer_widgets":"off","ocean_display_footer_bottom":"off","ocean_custom_footer_template":"0","footnotes":""},"class_list":["post-7002","page","type-page","status-publish","hentry","entry"],"yoast_head":"<!-- This site is optimized with the Yoast SEO plugin v25.1 - https:\/\/yoast.com\/wordpress\/plugins\/seo\/ -->\n<title>FanLab Golf Gewinnspiel | SPORTHEADS<\/title>\n<meta name=\"description\" content=\"SPORTHEADS unterst\u00fctzt Unternehmen und Organisationen aus dem Sportbusiness dabei, ihre unternehmerische Weiterentwicklung erfolgreich zu gestalten.\" \/>\n<meta name=\"robots\" content=\"index, follow, max-snippet:-1, max-image-preview:large, max-video-preview:-1\" \/>\n<link rel=\"canonical\" href=\"https:\/\/sportheads.de\/en\/fanlab\/fanlab-golf-gewinnspiel\/\" \/>\n<meta property=\"og:locale\" content=\"en_GB\" \/>\n<meta property=\"og:type\" content=\"article\" \/>\n<meta property=\"og:title\" content=\"FanLab Golf Gewinnspiel | SPORTHEADS\" \/>\n<meta property=\"og:description\" content=\"SPORTHEADS unterst\u00fctzt Unternehmen und Organisationen aus dem Sportbusiness dabei, ihre unternehmerische Weiterentwicklung erfolgreich zu gestalten.\" \/>\n<meta property=\"og:url\" content=\"https:\/\/sportheads.de\/en\/fanlab\/fanlab-golf-gewinnspiel\/\" \/>\n<meta property=\"og:site_name\" content=\"SPORTHEADS\" \/>\n<meta property=\"article:modified_time\" content=\"2025-10-31T09:37:46+00:00\" \/>\n<meta property=\"og:image\" content=\"http:\/\/fanlab.sportheads.de\/wp-content\/uploads\/2020\/02\/FanLab_png-2.png\" \/>\n<meta name=\"twitter:card\" content=\"summary_large_image\" \/>\n<meta name=\"twitter:label1\" content=\"Estimated reading time\" \/>\n\t<meta name=\"twitter:data1\" content=\"4 minutes\" \/>\n<script type=\"application\/ld+json\" class=\"yoast-schema-graph\">{\"@context\":\"https:\/\/schema.org\",\"@graph\":[{\"@type\":\"WebPage\",\"@id\":\"https:\/\/sportheads.de\/fanlab\/fanlab-golf-gewinnspiel\/\",\"url\":\"https:\/\/sportheads.de\/fanlab\/fanlab-golf-gewinnspiel\/\",\"name\":\"FanLab Golf Gewinnspiel | SPORTHEADS\",\"isPartOf\":{\"@id\":\"https:\/\/sportheads.de\/#website\"},\"primaryImageOfPage\":{\"@id\":\"https:\/\/sportheads.de\/fanlab\/fanlab-golf-gewinnspiel\/#primaryimage\"},\"image\":{\"@id\":\"https:\/\/sportheads.de\/fanlab\/fanlab-golf-gewinnspiel\/#primaryimage\"},\"thumbnailUrl\":\"http:\/\/fanlab.sportheads.de\/wp-content\/uploads\/2020\/02\/FanLab_png-2.png\",\"datePublished\":\"2023-08-01T15:11:38+00:00\",\"dateModified\":\"2025-10-31T09:37:46+00:00\",\"description\":\"SPORTHEADS unterst\u00fctzt Unternehmen und Organisationen aus dem Sportbusiness dabei, ihre unternehmerische Weiterentwicklung erfolgreich zu gestalten.\",\"breadcrumb\":{\"@id\":\"https:\/\/sportheads.de\/fanlab\/fanlab-golf-gewinnspiel\/#breadcrumb\"},\"inLanguage\":\"en-GB\",\"potentialAction\":[{\"@type\":\"ReadAction\",\"target\":[\"https:\/\/sportheads.de\/fanlab\/fanlab-golf-gewinnspiel\/\"]}]},{\"@type\":\"ImageObject\",\"inLanguage\":\"en-GB\",\"@id\":\"https:\/\/sportheads.de\/fanlab\/fanlab-golf-gewinnspiel\/#primaryimage\",\"url\":\"http:\/\/fanlab.sportheads.de\/wp-content\/uploads\/2020\/02\/FanLab_png-2.png\",\"contentUrl\":\"http:\/\/fanlab.sportheads.de\/wp-content\/uploads\/2020\/02\/FanLab_png-2.png\"},{\"@type\":\"BreadcrumbList\",\"@id\":\"https:\/\/sportheads.de\/fanlab\/fanlab-golf-gewinnspiel\/#breadcrumb\",\"itemListElement\":[{\"@type\":\"ListItem\",\"position\":1,\"name\":\"Startseite\",\"item\":\"https:\/\/sportheads.de\/\"},{\"@type\":\"ListItem\",\"position\":2,\"name\":\"FanLab\",\"item\":\"https:\/\/sportheads.de\/fanlab\/\"},{\"@type\":\"ListItem\",\"position\":3,\"name\":\"FanLab Golf Gewinnspiel\"}]},{\"@type\":\"WebSite\",\"@id\":\"https:\/\/sportheads.de\/#website\",\"url\":\"https:\/\/sportheads.de\/\",\"name\":\"SPORTHEADS\",\"description\":\"Die Strategie- und Personalberatung f\u00fcr das Sportbusiness\",\"publisher\":{\"@id\":\"https:\/\/sportheads.de\/#organization\"},\"potentialAction\":[{\"@type\":\"SearchAction\",\"target\":{\"@type\":\"EntryPoint\",\"urlTemplate\":\"https:\/\/sportheads.de\/?s={search_term_string}\"},\"query-input\":{\"@type\":\"PropertyValueSpecification\",\"valueRequired\":true,\"valueName\":\"search_term_string\"}}],\"inLanguage\":\"en-GB\"},{\"@type\":\"Organization\",\"@id\":\"https:\/\/sportheads.de\/#organization\",\"name\":\"SPORTHEADS \u2013 die Strategie- und Personalberatung f\u00fcr das Sportbusiness\",\"url\":\"https:\/\/sportheads.de\/\",\"logo\":{\"@type\":\"ImageObject\",\"inLanguage\":\"en-GB\",\"@id\":\"https:\/\/sportheads.de\/#\/schema\/logo\/image\/\",\"url\":\"https:\/\/sportheads.de\/wp-content\/uploads\/2018\/12\/SPORTHEADS-Logo.jpg\",\"contentUrl\":\"https:\/\/sportheads.de\/wp-content\/uploads\/2018\/12\/SPORTHEADS-Logo.jpg\",\"width\":6000,\"height\":1552,\"caption\":\"SPORTHEADS \u2013 die Strategie- und Personalberatung f\u00fcr das Sportbusiness\"},\"image\":{\"@id\":\"https:\/\/sportheads.de\/#\/schema\/logo\/image\/\"},\"sameAs\":[\"https:\/\/de.linkedin.com\/company\/sportheads\"]}]}<\/script>\n<!-- \/ Yoast SEO plugin. -->","yoast_head_json":{"title":"FanLab Golf Gewinnspiel | SPORTHEADS","description":"SPORTHEADS unterst\u00fctzt Unternehmen und Organisationen aus dem Sportbusiness dabei, ihre unternehmerische Weiterentwicklung erfolgreich zu gestalten.","robots":{"index":"index","follow":"follow","max-snippet":"max-snippet:-1","max-image-preview":"max-image-preview:large","max-video-preview":"max-video-preview:-1"},"canonical":"https:\/\/sportheads.de\/en\/fanlab\/fanlab-golf-gewinnspiel\/","og_locale":"en_GB","og_type":"article","og_title":"FanLab Golf Gewinnspiel | SPORTHEADS","og_description":"SPORTHEADS unterst\u00fctzt Unternehmen und Organisationen aus dem Sportbusiness dabei, ihre unternehmerische Weiterentwicklung erfolgreich zu gestalten.","og_url":"https:\/\/sportheads.de\/en\/fanlab\/fanlab-golf-gewinnspiel\/","og_site_name":"SPORTHEADS","article_modified_time":"2025-10-31T09:37:46+00:00","og_image":[{"url":"http:\/\/fanlab.sportheads.de\/wp-content\/uploads\/2020\/02\/FanLab_png-2.png","type":"","width":"","height":""}],"twitter_card":"summary_large_image","twitter_misc":{"Estimated reading time":"4 minutes"},"schema":{"@context":"https:\/\/schema.org","@graph":[{"@type":"WebPage","@id":"https:\/\/sportheads.de\/fanlab\/fanlab-golf-gewinnspiel\/","url":"https:\/\/sportheads.de\/fanlab\/fanlab-golf-gewinnspiel\/","name":"FanLab Golf Gewinnspiel | SPORTHEADS","isPartOf":{"@id":"https:\/\/sportheads.de\/#website"},"primaryImageOfPage":{"@id":"https:\/\/sportheads.de\/fanlab\/fanlab-golf-gewinnspiel\/#primaryimage"},"image":{"@id":"https:\/\/sportheads.de\/fanlab\/fanlab-golf-gewinnspiel\/#primaryimage"},"thumbnailUrl":"http:\/\/fanlab.sportheads.de\/wp-content\/uploads\/2020\/02\/FanLab_png-2.png","datePublished":"2023-08-01T15:11:38+00:00","dateModified":"2025-10-31T09:37:46+00:00","description":"SPORTHEADS unterst\u00fctzt Unternehmen und Organisationen aus dem Sportbusiness dabei, ihre unternehmerische Weiterentwicklung erfolgreich zu gestalten.","breadcrumb":{"@id":"https:\/\/sportheads.de\/fanlab\/fanlab-golf-gewinnspiel\/#breadcrumb"},"inLanguage":"en-GB","potentialAction":[{"@type":"ReadAction","target":["https:\/\/sportheads.de\/fanlab\/fanlab-golf-gewinnspiel\/"]}]},{"@type":"ImageObject","inLanguage":"en-GB","@id":"https:\/\/sportheads.de\/fanlab\/fanlab-golf-gewinnspiel\/#primaryimage","url":"http:\/\/fanlab.sportheads.de\/wp-content\/uploads\/2020\/02\/FanLab_png-2.png","contentUrl":"http:\/\/fanlab.sportheads.de\/wp-content\/uploads\/2020\/02\/FanLab_png-2.png"},{"@type":"BreadcrumbList","@id":"https:\/\/sportheads.de\/fanlab\/fanlab-golf-gewinnspiel\/#breadcrumb","itemListElement":[{"@type":"ListItem","position":1,"name":"Startseite","item":"https:\/\/sportheads.de\/"},{"@type":"ListItem","position":2,"name":"FanLab","item":"https:\/\/sportheads.de\/fanlab\/"},{"@type":"ListItem","position":3,"name":"FanLab Golf Gewinnspiel"}]},{"@type":"WebSite","@id":"https:\/\/sportheads.de\/#website","url":"https:\/\/sportheads.de\/","name":"SPORTHEADS","description":"Die Strategie- und Personalberatung f\u00fcr das Sportbusiness","publisher":{"@id":"https:\/\/sportheads.de\/#organization"},"potentialAction":[{"@type":"SearchAction","target":{"@type":"EntryPoint","urlTemplate":"https:\/\/sportheads.de\/?s={search_term_string}"},"query-input":{"@type":"PropertyValueSpecification","valueRequired":true,"valueName":"search_term_string"}}],"inLanguage":"en-GB"},{"@type":"Organization","@id":"https:\/\/sportheads.de\/#organization","name":"SPORTHEADS \u2013 die Strategie- und Personalberatung f\u00fcr das Sportbusiness","url":"https:\/\/sportheads.de\/","logo":{"@type":"ImageObject","inLanguage":"en-GB","@id":"https:\/\/sportheads.de\/#\/schema\/logo\/image\/","url":"https:\/\/sportheads.de\/wp-content\/uploads\/2018\/12\/SPORTHEADS-Logo.jpg","contentUrl":"https:\/\/sportheads.de\/wp-content\/uploads\/2018\/12\/SPORTHEADS-Logo.jpg","width":6000,"height":1552,"caption":"SPORTHEADS \u2013 die Strategie- und Personalberatung f\u00fcr das Sportbusiness"},"image":{"@id":"https:\/\/sportheads.de\/#\/schema\/logo\/image\/"},"sameAs":["https:\/\/de.linkedin.com\/company\/sportheads"]}]}},"_links":{"self":[{"href":"https:\/\/sportheads.de\/en\/wp-json\/wp\/v2\/pages\/7002","targetHints":{"allow":["GET"]}}],"collection":[{"href":"https:\/\/sportheads.de\/en\/wp-json\/wp\/v2\/pages"}],"about":[{"href":"https:\/\/sportheads.de\/en\/wp-json\/wp\/v2\/types\/page"}],"author":[{"embeddable":true,"href":"https:\/\/sportheads.de\/en\/wp-json\/wp\/v2\/users\/1"}],"replies":[{"embeddable":true,"href":"https:\/\/sportheads.de\/en\/wp-json\/wp\/v2\/comments?post=7002"}],"version-history":[{"count":43,"href":"https:\/\/sportheads.de\/en\/wp-json\/wp\/v2\/pages\/7002\/revisions"}],"predecessor-version":[{"id":9591,"href":"https:\/\/sportheads.de\/en\/wp-json\/wp\/v2\/pages\/7002\/revisions\/9591"}],"up":[{"embeddable":true,"href":"https:\/\/sportheads.de\/en\/wp-json\/wp\/v2\/pages\/5098"}],"wp:attachment":[{"href":"https:\/\/sportheads.de\/en\/wp-json\/wp\/v2\/media?parent=7002"}],"curies":[{"name":"wp","href":"https:\/\/api.w.org\/{rel}","templated":true}]}}