{"id":9321,"date":"2025-07-15T13:54:55","date_gmt":"2025-07-15T12:54:55","guid":{"rendered":"https:\/\/sportheads.de\/?page_id=9321"},"modified":"2025-07-15T14:44:31","modified_gmt":"2025-07-15T13:44:31","slug":"teilnahmebedingungen_sportwettenbefragung","status":"publish","type":"page","link":"https:\/\/sportheads.de\/en\/fanlab\/teilnahmebedingungen_sportwettenbefragung\/","title":{"rendered":"Teilnahmebedingungen und Datenschutz"},"content":{"rendered":"<div data-elementor-type=\"wp-page\" data-elementor-id=\"9321\" class=\"elementor elementor-9321\" data-elementor-post-type=\"page\">\n\t\t\t\t\t\t<section class=\"elementor-section elementor-top-section elementor-element elementor-element-5e87d35 elementor-section-boxed elementor-section-height-default elementor-section-height-default\" data-id=\"5e87d35\" data-element_type=\"section\" data-e-type=\"section\">\n\t\t\t\t\t\t<div class=\"elementor-container elementor-column-gap-default\">\n\t\t\t\t\t<div class=\"elementor-column elementor-col-100 elementor-top-column elementor-element elementor-element-afc3117\" data-id=\"afc3117\" data-element_type=\"column\" data-e-type=\"column\">\n\t\t\t<div class=\"elementor-widget-wrap elementor-element-populated\">\n\t\t\t\t\t\t<section class=\"elementor-section elementor-inner-section elementor-element elementor-element-e175ff8 elementor-section-boxed elementor-section-height-default elementor-section-height-default\" data-id=\"e175ff8\" data-element_type=\"section\" data-e-type=\"section\">\n\t\t\t\t\t\t<div class=\"elementor-container elementor-column-gap-default\">\n\t\t\t\t\t<div class=\"elementor-column elementor-col-100 elementor-inner-column elementor-element elementor-element-7192d65\" data-id=\"7192d65\" data-element_type=\"column\" data-e-type=\"column\">\n\t\t\t<div class=\"elementor-widget-wrap elementor-element-populated\">\n\t\t\t\t\t\t<div class=\"elementor-element elementor-element-b25aa62 elementor-widget elementor-widget-image\" data-id=\"b25aa62\" data-element_type=\"widget\" data-e-type=\"widget\" data-widget_type=\"image.default\">\n\t\t\t\t<div class=\"elementor-widget-container\">\n\t\t\t\t\t\t\t\t\t\t\t\t\t\t\t<img decoding=\"async\" src=\"http:\/\/fanlab.sportheads.de\/wp-content\/uploads\/2020\/02\/FanLab_png-2.png\" title=\"\" alt=\"\" loading=\"lazy\" \/>\t\t\t\t\t\t\t\t\t\t\t\t\t\t\t<\/div>\n\t\t\t\t<\/div>\n\t\t\t\t\t<\/div>\n\t\t<\/div>\n\t\t\t\t\t<\/div>\n\t\t<\/section>\n\t\t\t\t\t<\/div>\n\t\t<\/div>\n\t\t\t\t\t<\/div>\n\t\t<\/section>\n\t\t\t\t<section class=\"elementor-section elementor-top-section elementor-element elementor-element-ff1c284 elementor-section-boxed elementor-section-height-default elementor-section-height-default\" data-id=\"ff1c284\" data-element_type=\"section\" data-e-type=\"section\">\n\t\t\t\t\t\t<div class=\"elementor-container elementor-column-gap-default\">\n\t\t\t\t\t<div class=\"elementor-column elementor-col-100 elementor-top-column elementor-element elementor-element-416a828\" data-id=\"416a828\" data-element_type=\"column\" data-e-type=\"column\">\n\t\t\t<div class=\"elementor-widget-wrap elementor-element-populated\">\n\t\t\t\t\t\t<div class=\"elementor-element elementor-element-22a4182 elementor-widget elementor-widget-heading\" data-id=\"22a4182\" data-element_type=\"widget\" data-e-type=\"widget\" data-widget_type=\"heading.default\">\n\t\t\t\t<div class=\"elementor-widget-container\">\n\t\t\t\t\t<h2 class=\"elementor-heading-title elementor-size-default\">Teilnahmebedingungen und Datenschutz<\/h2>\t\t\t\t<\/div>\n\t\t\t\t<\/div>\n\t\t\t\t\t<\/div>\n\t\t<\/div>\n\t\t\t\t\t<\/div>\n\t\t<\/section>\n\t\t\t\t<section class=\"elementor-section elementor-top-section elementor-element elementor-element-2c2b095 elementor-section-boxed elementor-section-height-default elementor-section-height-default\" data-id=\"2c2b095\" data-element_type=\"section\" data-e-type=\"section\">\n\t\t\t\t\t\t<div class=\"elementor-container elementor-column-gap-default\">\n\t\t\t\t\t<div class=\"elementor-column elementor-col-100 elementor-top-column elementor-element elementor-element-3aa7153\" data-id=\"3aa7153\" data-element_type=\"column\" data-e-type=\"column\">\n\t\t\t<div class=\"elementor-widget-wrap elementor-element-populated\">\n\t\t\t\t\t\t<div class=\"elementor-element elementor-element-b5d93d5 elementor-widget elementor-widget-text-editor\" data-id=\"b5d93d5\" data-element_type=\"widget\" data-e-type=\"widget\" data-widget_type=\"text-editor.default\">\n\t\t\t\t<div class=\"elementor-widget-container\">\n\t\t\t\t\t\t\t\t\t<p data-start=\"280\" data-end=\"529\">Diese Umfrage wird von der SPORTHEADS GmbH zu Zwecken der Marktforschung im Bereich Sport und Sportwetten durchgef\u00fchrt. Die Teilnahme ist freiwillig und erfolgt anonym, sofern keine Kontaktdaten f\u00fcr eine m\u00f6gliche Interviewteilnahme angegeben werden.<\/p>\n<p data-start=\"531\" data-end=\"665\"><strong data-start=\"531\" data-end=\"597\">Teilnahmeberechtigt sind ausschlie\u00dflich Personen ab 18 Jahren.<\/strong> Mit dem Start der Umfrage best\u00e4tigen Sie, dass Sie vollj\u00e4hrig sind.<\/p>\n<p data-start=\"667\" data-end=\"1046\">Am Ende der Umfrage besteht die M\u00f6glichkeit, sich f\u00fcr ein vertiefendes Interview zu registrieren. Unter allen Interessierten wird eine Person ausgew\u00e4hlt, die an einem ca. 45-min\u00fctigen Gespr\u00e4ch teilnimmt. F\u00fcr dieses Gespr\u00e4ch wird eine <strong data-start=\"901\" data-end=\"944\">Aufwandsentsch\u00e4digung in H\u00f6he von 150\u202f\u20ac<\/strong> gezahlt. Die Angabe von Kontaktdaten ist hierf\u00fcr erforderlich, erfolgt jedoch auf freiwilliger Basis.<\/p>\n<p data-start=\"1048\" data-end=\"1361\">Die Verarbeitung Ihrer Daten erfolgt auf Grundlage Ihrer Einwilligung gem\u00e4\u00df Art. 6 Abs. 1 lit. a DSGVO. Die Daten werden ausschlie\u00dflich f\u00fcr die Durchf\u00fchrung der Umfrage und \u2013 bei Auswahl \u2013 zur Kontaktaufnahme f\u00fcr das Interview verwendet. Eine Weitergabe an Dritte oder Verwendung zu anderen Zwecken erfolgt nicht.<\/p>\n<p data-start=\"1363\" data-end=\"1472\">Weitere Informationen zum Umgang mit personenbezogenen Daten finden Sie in unserer <a class=\"\" href=\"https:\/\/sportheads.de\/en\/datenschutz\/\" rel=\"noopener\" data-start=\"1446\" data-end=\"1471\">Privacy policy<\/a>.<\/p>\t\t\t\t\t\t\t\t<\/div>\n\t\t\t\t<\/div>\n\t\t\t\t\t<\/div>\n\t\t<\/div>\n\t\t\t\t\t<\/div>\n\t\t<\/section>\n\t\t\t\t<\/div>","protected":false},"excerpt":{"rendered":"<p>Teilnahmebedingungen und Datenschutz Diese Umfrage wird von der SPORTHEADS GmbH zu Zwecken der Marktforschung im Bereich Sport und Sportwetten durchgef\u00fchrt. Die Teilnahme ist freiwillig und erfolgt anonym, sofern keine Kontaktdaten f\u00fcr eine m\u00f6gliche Interviewteilnahme angegeben werden. Teilnahmeberechtigt sind ausschlie\u00dflich Personen ab 18 Jahren. Mit dem Start der Umfrage best\u00e4tigen Sie, dass Sie vollj\u00e4hrig sind. Am [&hellip;]<\/p>","protected":false},"author":1,"featured_media":0,"parent":5098,"menu_order":0,"comment_status":"closed","ping_status":"closed","template":"","meta":{"_exactmetrics_skip_tracking":false,"_exactmetrics_sitenote_active":false,"_exactmetrics_sitenote_note":"","_exactmetrics_sitenote_category":0,"ocean_post_layout":"","ocean_both_sidebars_style":"","ocean_both_sidebars_content_width":0,"ocean_both_sidebars_sidebars_width":0,"ocean_sidebar":"0","ocean_second_sidebar":"0","ocean_disable_margins":"enable","ocean_add_body_class":"","ocean_shortcode_before_top_bar":"","ocean_shortcode_after_top_bar":"","ocean_shortcode_before_header":"","ocean_shortcode_after_header":"","ocean_has_shortcode":"","ocean_shortcode_after_title":"","ocean_shortcode_before_footer_widgets":"","ocean_shortcode_after_footer_widgets":"","ocean_shortcode_before_footer_bottom":"","ocean_shortcode_after_footer_bottom":"","ocean_display_top_bar":"off","ocean_display_header":"off","ocean_header_style":"","ocean_center_header_left_menu":"0","ocean_custom_header_template":"0","ocean_custom_logo":0,"ocean_custom_retina_logo":0,"ocean_custom_logo_max_width":0,"ocean_custom_logo_tablet_max_width":0,"ocean_custom_logo_mobile_max_width":0,"ocean_custom_logo_max_height":0,"ocean_custom_logo_tablet_max_height":0,"ocean_custom_logo_mobile_max_height":0,"ocean_header_custom_menu":"0","ocean_menu_typo_font_family":"0","ocean_menu_typo_font_subset":"","ocean_menu_typo_font_size":0,"ocean_menu_typo_font_size_tablet":0,"ocean_menu_typo_font_size_mobile":0,"ocean_menu_typo_font_size_unit":"px","ocean_menu_typo_font_weight":"","ocean_menu_typo_font_weight_tablet":"","ocean_menu_typo_font_weight_mobile":"","ocean_menu_typo_transform":"","ocean_menu_typo_transform_tablet":"","ocean_menu_typo_transform_mobile":"","ocean_menu_typo_line_height":0,"ocean_menu_typo_line_height_tablet":0,"ocean_menu_typo_line_height_mobile":0,"ocean_menu_typo_line_height_unit":"","ocean_menu_typo_spacing":0,"ocean_menu_typo_spacing_tablet":0,"ocean_menu_typo_spacing_mobile":0,"ocean_menu_typo_spacing_unit":"","ocean_menu_link_color":"","ocean_menu_link_color_hover":"","ocean_menu_link_color_active":"","ocean_menu_link_background":"","ocean_menu_link_hover_background":"","ocean_menu_link_active_background":"","ocean_menu_social_links_bg":"","ocean_menu_social_hover_links_bg":"","ocean_menu_social_links_color":"","ocean_menu_social_hover_links_color":"","ocean_disable_title":"default","ocean_disable_heading":"default","ocean_post_title":"","ocean_post_subheading":"","ocean_post_title_style":"","ocean_post_title_background_color":"","ocean_post_title_background":0,"ocean_post_title_bg_image_position":"","ocean_post_title_bg_image_attachment":"","ocean_post_title_bg_image_repeat":"","ocean_post_title_bg_image_size":"","ocean_post_title_height":0,"ocean_post_title_bg_overlay":0.5,"ocean_post_title_bg_overlay_color":"","ocean_disable_breadcrumbs":"default","ocean_breadcrumbs_color":"","ocean_breadcrumbs_separator_color":"","ocean_breadcrumbs_links_color":"","ocean_breadcrumbs_links_hover_color":"","ocean_display_footer_widgets":"off","ocean_display_footer_bottom":"off","ocean_custom_footer_template":"0","footnotes":""},"class_list":["post-9321","page","type-page","status-publish","hentry","entry"],"yoast_head":"<!-- This site is optimized with the Yoast SEO plugin v25.1 - https:\/\/yoast.com\/wordpress\/plugins\/seo\/ -->\n<title>Teilnahmebedingungen und Datenschutz | SPORTHEADS<\/title>\n<meta name=\"description\" content=\"SPORTHEADS unterst\u00fctzt Unternehmen und Organisationen aus dem Sportbusiness dabei, ihre unternehmerische Weiterentwicklung erfolgreich zu gestalten.\" \/>\n<meta name=\"robots\" content=\"index, follow, max-snippet:-1, max-image-preview:large, max-video-preview:-1\" \/>\n<link rel=\"canonical\" href=\"https:\/\/sportheads.de\/en\/fanlab\/teilnahmebedingungen_sportwettenbefragung\/\" \/>\n<meta property=\"og:locale\" content=\"en_GB\" \/>\n<meta property=\"og:type\" content=\"article\" \/>\n<meta property=\"og:title\" content=\"Teilnahmebedingungen und Datenschutz | SPORTHEADS\" \/>\n<meta property=\"og:description\" content=\"SPORTHEADS unterst\u00fctzt Unternehmen und Organisationen aus dem Sportbusiness dabei, ihre unternehmerische Weiterentwicklung erfolgreich zu gestalten.\" \/>\n<meta property=\"og:url\" content=\"https:\/\/sportheads.de\/en\/fanlab\/teilnahmebedingungen_sportwettenbefragung\/\" \/>\n<meta property=\"og:site_name\" content=\"SPORTHEADS\" \/>\n<meta property=\"article:modified_time\" content=\"2025-07-15T13:44:31+00:00\" \/>\n<meta property=\"og:image\" content=\"http:\/\/fanlab.sportheads.de\/wp-content\/uploads\/2020\/02\/FanLab_png-2.png\" \/>\n<meta name=\"twitter:card\" content=\"summary_large_image\" \/>\n<meta name=\"twitter:label1\" content=\"Estimated reading time\" \/>\n\t<meta name=\"twitter:data1\" content=\"2 minutes\" \/>\n<script type=\"application\/ld+json\" class=\"yoast-schema-graph\">{\"@context\":\"https:\/\/schema.org\",\"@graph\":[{\"@type\":\"WebPage\",\"@id\":\"https:\/\/sportheads.de\/fanlab\/teilnahmebedingungen_sportwettenbefragung\/\",\"url\":\"https:\/\/sportheads.de\/fanlab\/teilnahmebedingungen_sportwettenbefragung\/\",\"name\":\"Teilnahmebedingungen und Datenschutz | SPORTHEADS\",\"isPartOf\":{\"@id\":\"https:\/\/sportheads.de\/#website\"},\"primaryImageOfPage\":{\"@id\":\"https:\/\/sportheads.de\/fanlab\/teilnahmebedingungen_sportwettenbefragung\/#primaryimage\"},\"image\":{\"@id\":\"https:\/\/sportheads.de\/fanlab\/teilnahmebedingungen_sportwettenbefragung\/#primaryimage\"},\"thumbnailUrl\":\"http:\/\/fanlab.sportheads.de\/wp-content\/uploads\/2020\/02\/FanLab_png-2.png\",\"datePublished\":\"2025-07-15T12:54:55+00:00\",\"dateModified\":\"2025-07-15T13:44:31+00:00\",\"description\":\"SPORTHEADS unterst\u00fctzt Unternehmen und Organisationen aus dem Sportbusiness dabei, ihre unternehmerische Weiterentwicklung erfolgreich zu gestalten.\",\"breadcrumb\":{\"@id\":\"https:\/\/sportheads.de\/fanlab\/teilnahmebedingungen_sportwettenbefragung\/#breadcrumb\"},\"inLanguage\":\"en-GB\",\"potentialAction\":[{\"@type\":\"ReadAction\",\"target\":[\"https:\/\/sportheads.de\/fanlab\/teilnahmebedingungen_sportwettenbefragung\/\"]}]},{\"@type\":\"ImageObject\",\"inLanguage\":\"en-GB\",\"@id\":\"https:\/\/sportheads.de\/fanlab\/teilnahmebedingungen_sportwettenbefragung\/#primaryimage\",\"url\":\"http:\/\/fanlab.sportheads.de\/wp-content\/uploads\/2020\/02\/FanLab_png-2.png\",\"contentUrl\":\"http:\/\/fanlab.sportheads.de\/wp-content\/uploads\/2020\/02\/FanLab_png-2.png\"},{\"@type\":\"BreadcrumbList\",\"@id\":\"https:\/\/sportheads.de\/fanlab\/teilnahmebedingungen_sportwettenbefragung\/#breadcrumb\",\"itemListElement\":[{\"@type\":\"ListItem\",\"position\":1,\"name\":\"Startseite\",\"item\":\"https:\/\/sportheads.de\/\"},{\"@type\":\"ListItem\",\"position\":2,\"name\":\"FanLab\",\"item\":\"https:\/\/sportheads.de\/fanlab\/\"},{\"@type\":\"ListItem\",\"position\":3,\"name\":\"Teilnahmebedingungen und Datenschutz\"}]},{\"@type\":\"WebSite\",\"@id\":\"https:\/\/sportheads.de\/#website\",\"url\":\"https:\/\/sportheads.de\/\",\"name\":\"SPORTHEADS\",\"description\":\"Die Strategie- und Personalberatung f\u00fcr das Sportbusiness\",\"publisher\":{\"@id\":\"https:\/\/sportheads.de\/#organization\"},\"potentialAction\":[{\"@type\":\"SearchAction\",\"target\":{\"@type\":\"EntryPoint\",\"urlTemplate\":\"https:\/\/sportheads.de\/?s={search_term_string}\"},\"query-input\":{\"@type\":\"PropertyValueSpecification\",\"valueRequired\":true,\"valueName\":\"search_term_string\"}}],\"inLanguage\":\"en-GB\"},{\"@type\":\"Organization\",\"@id\":\"https:\/\/sportheads.de\/#organization\",\"name\":\"SPORTHEADS \u2013 die Strategie- und Personalberatung f\u00fcr das Sportbusiness\",\"url\":\"https:\/\/sportheads.de\/\",\"logo\":{\"@type\":\"ImageObject\",\"inLanguage\":\"en-GB\",\"@id\":\"https:\/\/sportheads.de\/#\/schema\/logo\/image\/\",\"url\":\"https:\/\/sportheads.de\/wp-content\/uploads\/2018\/12\/SPORTHEADS-Logo.jpg\",\"contentUrl\":\"https:\/\/sportheads.de\/wp-content\/uploads\/2018\/12\/SPORTHEADS-Logo.jpg\",\"width\":6000,\"height\":1552,\"caption\":\"SPORTHEADS \u2013 die Strategie- und Personalberatung f\u00fcr das Sportbusiness\"},\"image\":{\"@id\":\"https:\/\/sportheads.de\/#\/schema\/logo\/image\/\"},\"sameAs\":[\"https:\/\/de.linkedin.com\/company\/sportheads\"]}]}<\/script>\n<!-- \/ Yoast SEO plugin. -->","yoast_head_json":{"title":"Teilnahmebedingungen und Datenschutz | SPORTHEADS","description":"SPORTHEADS unterst\u00fctzt Unternehmen und Organisationen aus dem Sportbusiness dabei, ihre unternehmerische Weiterentwicklung erfolgreich zu gestalten.","robots":{"index":"index","follow":"follow","max-snippet":"max-snippet:-1","max-image-preview":"max-image-preview:large","max-video-preview":"max-video-preview:-1"},"canonical":"https:\/\/sportheads.de\/en\/fanlab\/teilnahmebedingungen_sportwettenbefragung\/","og_locale":"en_GB","og_type":"article","og_title":"Teilnahmebedingungen und Datenschutz | SPORTHEADS","og_description":"SPORTHEADS unterst\u00fctzt Unternehmen und Organisationen aus dem Sportbusiness dabei, ihre unternehmerische Weiterentwicklung erfolgreich zu gestalten.","og_url":"https:\/\/sportheads.de\/en\/fanlab\/teilnahmebedingungen_sportwettenbefragung\/","og_site_name":"SPORTHEADS","article_modified_time":"2025-07-15T13:44:31+00:00","og_image":[{"url":"http:\/\/fanlab.sportheads.de\/wp-content\/uploads\/2020\/02\/FanLab_png-2.png","type":"","width":"","height":""}],"twitter_card":"summary_large_image","twitter_misc":{"Estimated reading time":"2 minutes"},"schema":{"@context":"https:\/\/schema.org","@graph":[{"@type":"WebPage","@id":"https:\/\/sportheads.de\/fanlab\/teilnahmebedingungen_sportwettenbefragung\/","url":"https:\/\/sportheads.de\/fanlab\/teilnahmebedingungen_sportwettenbefragung\/","name":"Teilnahmebedingungen und Datenschutz | SPORTHEADS","isPartOf":{"@id":"https:\/\/sportheads.de\/#website"},"primaryImageOfPage":{"@id":"https:\/\/sportheads.de\/fanlab\/teilnahmebedingungen_sportwettenbefragung\/#primaryimage"},"image":{"@id":"https:\/\/sportheads.de\/fanlab\/teilnahmebedingungen_sportwettenbefragung\/#primaryimage"},"thumbnailUrl":"http:\/\/fanlab.sportheads.de\/wp-content\/uploads\/2020\/02\/FanLab_png-2.png","datePublished":"2025-07-15T12:54:55+00:00","dateModified":"2025-07-15T13:44:31+00:00","description":"SPORTHEADS unterst\u00fctzt Unternehmen und Organisationen aus dem Sportbusiness dabei, ihre unternehmerische Weiterentwicklung erfolgreich zu gestalten.","breadcrumb":{"@id":"https:\/\/sportheads.de\/fanlab\/teilnahmebedingungen_sportwettenbefragung\/#breadcrumb"},"inLanguage":"en-GB","potentialAction":[{"@type":"ReadAction","target":["https:\/\/sportheads.de\/fanlab\/teilnahmebedingungen_sportwettenbefragung\/"]}]},{"@type":"ImageObject","inLanguage":"en-GB","@id":"https:\/\/sportheads.de\/fanlab\/teilnahmebedingungen_sportwettenbefragung\/#primaryimage","url":"http:\/\/fanlab.sportheads.de\/wp-content\/uploads\/2020\/02\/FanLab_png-2.png","contentUrl":"http:\/\/fanlab.sportheads.de\/wp-content\/uploads\/2020\/02\/FanLab_png-2.png"},{"@type":"BreadcrumbList","@id":"https:\/\/sportheads.de\/fanlab\/teilnahmebedingungen_sportwettenbefragung\/#breadcrumb","itemListElement":[{"@type":"ListItem","position":1,"name":"Startseite","item":"https:\/\/sportheads.de\/"},{"@type":"ListItem","position":2,"name":"FanLab","item":"https:\/\/sportheads.de\/fanlab\/"},{"@type":"ListItem","position":3,"name":"Teilnahmebedingungen und Datenschutz"}]},{"@type":"WebSite","@id":"https:\/\/sportheads.de\/#website","url":"https:\/\/sportheads.de\/","name":"SPORTHEADS","description":"Die Strategie- und Personalberatung f\u00fcr das Sportbusiness","publisher":{"@id":"https:\/\/sportheads.de\/#organization"},"potentialAction":[{"@type":"SearchAction","target":{"@type":"EntryPoint","urlTemplate":"https:\/\/sportheads.de\/?s={search_term_string}"},"query-input":{"@type":"PropertyValueSpecification","valueRequired":true,"valueName":"search_term_string"}}],"inLanguage":"en-GB"},{"@type":"Organization","@id":"https:\/\/sportheads.de\/#organization","name":"SPORTHEADS \u2013 die Strategie- und Personalberatung f\u00fcr das Sportbusiness","url":"https:\/\/sportheads.de\/","logo":{"@type":"ImageObject","inLanguage":"en-GB","@id":"https:\/\/sportheads.de\/#\/schema\/logo\/image\/","url":"https:\/\/sportheads.de\/wp-content\/uploads\/2018\/12\/SPORTHEADS-Logo.jpg","contentUrl":"https:\/\/sportheads.de\/wp-content\/uploads\/2018\/12\/SPORTHEADS-Logo.jpg","width":6000,"height":1552,"caption":"SPORTHEADS \u2013 die Strategie- und Personalberatung f\u00fcr das Sportbusiness"},"image":{"@id":"https:\/\/sportheads.de\/#\/schema\/logo\/image\/"},"sameAs":["https:\/\/de.linkedin.com\/company\/sportheads"]}]}},"_links":{"self":[{"href":"https:\/\/sportheads.de\/en\/wp-json\/wp\/v2\/pages\/9321","targetHints":{"allow":["GET"]}}],"collection":[{"href":"https:\/\/sportheads.de\/en\/wp-json\/wp\/v2\/pages"}],"about":[{"href":"https:\/\/sportheads.de\/en\/wp-json\/wp\/v2\/types\/page"}],"author":[{"embeddable":true,"href":"https:\/\/sportheads.de\/en\/wp-json\/wp\/v2\/users\/1"}],"replies":[{"embeddable":true,"href":"https:\/\/sportheads.de\/en\/wp-json\/wp\/v2\/comments?post=9321"}],"version-history":[{"count":7,"href":"https:\/\/sportheads.de\/en\/wp-json\/wp\/v2\/pages\/9321\/revisions"}],"predecessor-version":[{"id":9328,"href":"https:\/\/sportheads.de\/en\/wp-json\/wp\/v2\/pages\/9321\/revisions\/9328"}],"up":[{"embeddable":true,"href":"https:\/\/sportheads.de\/en\/wp-json\/wp\/v2\/pages\/5098"}],"wp:attachment":[{"href":"https:\/\/sportheads.de\/en\/wp-json\/wp\/v2\/media?parent=9321"}],"curies":[{"name":"wp","href":"https:\/\/api.w.org\/{rel}","templated":true}]}}